{"id":411,"date":"2024-02-06T20:56:09","date_gmt":"2024-02-06T20:56:09","guid":{"rendered":"https:\/\/probasurexport.com\/?page_id=411"},"modified":"2024-02-06T20:56:09","modified_gmt":"2024-02-06T20:56:09","slug":"politicas-de-privacidad","status":"publish","type":"page","link":"https:\/\/probasurexport.com\/en\/politicas-de-privacidad\/","title":{"rendered":"Privacy policy"},"content":{"rendered":"<p><strong>Privacy policy PROBASUREXPORT<\/strong><\/p>\n\n\n\n<p>This Privacy Policy has as its primary objective to inform our customers\/suppliers that PROBASUREXPORT, hereinafter THE COMPANY, to comply with each provision contained in the Organic Law of Protection of Personal Data (the Fifth Supplement to the Official Registry 459, 26-V-2021), its Regulations and standards are complementary.<\/p>\n\n\n\n<p><strong>I. PURPOSE OF THE PERSONAL DATA REQUESTED<\/strong><\/p>\n\n\n\n<p>THE COMPANY may request of their customers, suppliers, employees, applicants, and, in general, the owners of personal data, its information with the purpose of:<\/p>\n\n\n\n<ul class=\"wp-block-list\">\n<li>Run internal processes for evaluation, qualification and registration as a supplier or provider of professional services.<\/li>\n\n\n\n<li>Validate data, tax and banking, by contacting the references to corroborate information for commercial or professional.<\/li>\n\n\n\n<li>Generate statistical reports, communications, promotions and information relevant to the holder.<\/li>\n\n\n\n<li>Register on our systems if necessary.<\/li>\n\n\n\n<li>Facilitate contact and communication between the parties.<\/li>\n\n\n\n<li>Perform any other activity that THE COMPANY deems to be necessary, after prior notification to the owner.<\/li>\n<\/ul>\n\n\n\n<p>It is established that THE COMPANY recognizes the right of the holders to express their refusal with respect to the use and processing of your personal data. This is without prejudice to the right of revocation of the consent given, or to oppose the use of their data, rights that are guaranteed by THE COMPANY.<\/p>\n\n\n\n<p><strong>II. COLLECTION AND PROCESSING OF PERSONAL DATA<\/strong><\/p>\n\n\n\n<p>THE COMPANY will get information about the owner of the personal data by any means permitted by the law. The holder, by providing your data, you expressly authorize THE COMPANY to treat the information in accordance with the legal provisions. THE COMPANY undertakes to process and protect your data with security measures, digital, technical, and administrative.<\/p>\n\n\n\n<p><strong>III. TO EXERCISE THE RIGHTS OF ACCESS, RECTIFICATION, CANCELLATION OR OPPOSITION<\/strong><\/p>\n\n\n\n<p>The holder has the right to access, rectify, cancel or oppose the use of their data. You can exercise these rights by sending your request to datospersonales@probasurexport.com enclosing a copy of their identity document and other requirements set forth in the law.<\/p>\n\n\n\n<p><strong>IV. SUSPENSION OF TREATMENT (REVOCATION OF CONSENT)<\/strong><\/p>\n\n\n\n<p>The holder may notify THE COMPANY of their will to revoke the treatment previously accorded. The revocation will not be retroactive effect, except in cases established by law.<\/p>\n\n\n\n<p><strong>V. PROCEDURE FOR THE EXERCISE OF THE RIGHTS<\/strong><\/p>\n\n\n\n<p>The owner may exercise their rights through datospersonales@probasurexport.com, attaching required documents. THE COMPANY will respond within the time limits established in the law.<\/p>\n\n\n\n<p><strong>VI. TRANSFER OF PERSONAL DATA<\/strong><\/p>\n\n\n\n<p>THE COMPANY, as the controller of the information, be able to make transfers to national or international data as necessary to provide services to customers.<\/p>\n\n\n\n<p><strong>VII. CONSENT TO TRANSFER<\/strong><\/p>\n\n\n\n<p>The holder grants his compliance and enables THE COMPANY to make transfers in accordance with this privacy policy.<\/p>\n\n\n\n<p><strong>VIII. STORAGE TIME<\/strong><\/p>\n\n\n\n<p>The personal data will be stored indefinitely, unless a request for cancellation by the holder.<\/p>\n\n\n\n<p><strong>IX. COOKIES AND SOCIAL NETWORKS<\/strong><\/p>\n\n\n\n<p>Holders who access the web pages or applications agree to receive cookies. THE COMPANY has no control over external sites and social networks, remain the responsibility of the respective platforms.<\/p>\n\n\n\n<p><strong>X. COMMUNICATIONS<\/strong><\/p>\n\n\n\n<p>Any modifications to this policy will be notified to the holder by means of electronic mail or other means.<\/p>","protected":false},"excerpt":{"rendered":"<p>Pol\u00edtica de Privacidad de PROBASUREXPORT La presente Pol\u00edtica de Privacidad tiene como objetivo principal informar a nuestros clientes\/proveedores que PROBASUREXPORT, en adelante, LA EMPRESA, cumple con cada disposici\u00f3n contenida en la Ley Org\u00e1nica de Protecci\u00f3n de Datos Personales (Quinto Suplemento del Registro Oficial 459, 26-V-2021), su Reglamento y normas complementarias. I. FINALIDAD DE LOS DATOS [&hellip;]<\/p>","protected":false},"author":1,"featured_media":0,"parent":0,"menu_order":0,"comment_status":"closed","ping_status":"closed","template":"","meta":{"footnotes":""},"class_list":["post-411","page","type-page","status-publish","hentry"],"_links":{"self":[{"href":"https:\/\/probasurexport.com\/en\/wp-json\/wp\/v2\/pages\/411","targetHints":{"allow":["GET"]}}],"collection":[{"href":"https:\/\/probasurexport.com\/en\/wp-json\/wp\/v2\/pages"}],"about":[{"href":"https:\/\/probasurexport.com\/en\/wp-json\/wp\/v2\/types\/page"}],"author":[{"embeddable":true,"href":"https:\/\/probasurexport.com\/en\/wp-json\/wp\/v2\/users\/1"}],"replies":[{"embeddable":true,"href":"https:\/\/probasurexport.com\/en\/wp-json\/wp\/v2\/comments?post=411"}],"version-history":[{"count":2,"href":"https:\/\/probasurexport.com\/en\/wp-json\/wp\/v2\/pages\/411\/revisions"}],"predecessor-version":[{"id":413,"href":"https:\/\/probasurexport.com\/en\/wp-json\/wp\/v2\/pages\/411\/revisions\/413"}],"wp:attachment":[{"href":"https:\/\/probasurexport.com\/en\/wp-json\/wp\/v2\/media?parent=411"}],"curies":[{"name":"wp","href":"https:\/\/api.w.org\/{rel}","templated":true}]}}